{"id":207,"date":"2020-01-08T11:35:21","date_gmt":"2020-01-08T10:35:21","guid":{"rendered":"https:\/\/dubocica.si\/wine-list\/"},"modified":"2025-11-02T21:23:30","modified_gmt":"2025-11-02T20:23:30","slug":"wine-list","status":"publish","type":"page","link":"https:\/\/dubocica.si\/en\/wine-list\/","title":{"rendered":"Wine list"},"content":{"rendered":"\n<h1>\n\t\tWine list\n\t<\/h1>\n\t<h3>We are aware that wine is also an extremely important part of the culinary offer, so we paid special attention to the preparation of the wine list. We offer a large selection of wines on glass and selected bottled wines.<\/h3>\n<p>You will find more than 20 selected wines per glass on our wine list. In doing so, we included white and red wines from all Slovenian wine regions and added a diverse range of Serbian wines. We have worked hard to design an offer that will suit every taste and every wallet!<\/p>\n\t<table border=\"0\" cellspacing=\"1\" cellpadding=\"1\">\n<tbody>\n<tr>\n<td><strong>DRAFT WINES\u00a0 &#8211; &#8220;PRIMORSKA&#8221;<\/strong><\/td>\n<td><strong>glass 0,1l<\/strong><\/td>\n\n<\/tr>\n<tr>\n<td>Chardonnay, Gori\u0161ka Brda<br \/>\n&#8220;Posestvo Dobuje&#8221;, white, dry<\/td>\n<td>1,50\u20ac<\/td>\n\n<\/tr>\n<tr>\n<td>Refo\u0161k, Slovenska Istra \u00bbVinakoper\u00ab, red, dry<\/td>\n<td>1,50\u20ac<\/td>\n\n<\/tr>\n<tr>\n<td>Cabernet Sauvignon, Gori\u0161ka Brda\u00bbSosoli\u010d\u00ab, red, dry<\/td>\n<td>1,50\u20ac<\/td>\n\n<\/tr>\n<tr>\n<td><strong>DRAFT WINES &#8211; &#8220;\u0160TAJERSKA&#8221;<\/strong><\/td>\n\n\n<\/tr>\n<tr>\n<td>Sve\u010din\u010dan&#8221;Leber&#8221;, white, semi-dry<\/td>\n<td>1,50\u20ac<\/td>\n\n<\/tr>\n<tr>\n<td>Zeleni Silvanec, Pomurje&#8221;Magdi\u010d&#8221;, white, semi-dry<\/td>\n<td>1,50\u20ac<\/td>\n\n<\/tr>\n<tr>\n<td><strong>DRAFT WINES &#8211; &#8220;DOLENJSKA&#8221;<\/strong><\/td>\n\n\n<\/tr>\n<tr>\n<td>Cvi\u010dek &#8220;Polanc&#8221;, dry, reddish<\/td>\n<td>1,50\u20ac<\/td>\n\n<\/tr>\n<tr>\n<td>Modra Frankinja &#8220;Pirc&#8221;, dry, red<\/td>\n<td>1,50\u20ac<\/td>\n\n<\/tr>\n<tr>\n<td><strong>SERBIA<\/strong><\/td>\n\n\n<\/tr>\n<tr>\n<td>\u017dreb\u010deva Kri,\u00a0 Vojvodina&#8221;Vinarija \u010coka&#8221;, semi-sweet, red<\/td>\n<td>1,50\u20ac<\/td>\n\n<\/tr>\n<tr>\n<td><strong>WHITE BOTTLED WINES<\/strong><\/td>\n<td><strong>glass 0,1<\/strong><\/td>\n<td><strong>bottle 0,75<\/strong><\/td>\n<\/tr>\n<tr>\n<td>Sivi Pinot &#8220;Sosoli\u010d&#8221;,\u00a0 dry, Gori\u0161ka Brda<\/td>\n<td>\/<\/td>\n<td>\/<\/td>\n<\/tr>\n<tr>\n<td>Malvazija &#8220;\u010cebron&#8221;,\u00a0 dry, Vipavska Dolina<\/td>\n<td>2,60 \u20ac<\/td>\n<td>20,00 \u20ac<\/td>\n<\/tr>\n<tr>\n<td>Zelen &#8220;\u010cebron&#8221;, dry, Vipavska Dolina<\/td>\n<td>2,60 \u20ac<\/td>\n<td>20,00 \u20ac<\/td>\n<\/tr>\n<tr>\n<td>Sauvignon &#8220;Leber&#8221;, dry, Sve\u010dina-\u0161tajerska<\/td>\n\n<td>\/<\/td>\n<\/tr>\n<tr>\n<td>Traminec &#8220;Leber&#8221;, sweet, Sve\u010dina-\u0161tajerska<\/td>\n<td>2,60 \u20ac<\/td>\n<td>20,00 \u20ac<\/td>\n<\/tr>\n<tr>\n<td>Sladki Mu\u0161kat &#8220;Vinakoper&#8221;, sweet, Slovenian Istra<\/td>\n<td>\/<\/td>\n<td>\/<\/td>\n<\/tr>\n<tr>\n<td><strong>RED BOTTLED WINES<\/strong><\/td>\n\n\n<\/tr>\n<tr>\n<td>Prokupac &#8220;Doja&#8221;, dry, Serbia<\/td>\n<td>\/<\/td>\n<td>\/<\/td>\n<\/tr>\n<tr>\n<td>Carica Milica &#8220;Rubin&#8221;, semi-dry, Serbia<\/td>\n<td>2,40 \u20ac<\/td>\n<td>18,00 \u20ac<\/td>\n<\/tr>\n<tr>\n<td>Car Lazar &#8220;Rubin&#8221;, semi-dry, Serbia<\/td>\n<td>2,40 \u20ac<\/td>\n<td>18,00 \u20ac<\/td>\n<\/tr>\n<tr>\n<td>Vranac &#8220;Rubin&#8221;, dry, Serbia<\/td>\n<td>\/<\/td>\n<td>\/<\/td>\n<\/tr>\n<tr>\n<td>Rose &#8220;\u010cebron&#8221;, suho, Vipavska Dolina<\/td>\n<td>2,40 \u20ac<\/td>\n<td>18,00\u20ac<\/td>\n<\/tr>\n<tr>\n<td>Cabernet Sauvignon &#8220;Sosoli\u010d&#8221;, dry, Gori\u0161ka Brda<\/td>\n<td>2,70 \u20ac<\/td>\n<td>20,00 \u20ac<\/td>\n<\/tr>\n<tr>\n<td>Merlot &#8220;Sosoli\u010d&#8221;, dry, Gori\u0161ka Brda<\/td>\n<td>2,70\u20ac<\/td>\n<td>20,00 \u20ac<\/td>\n<\/tr>\n<tr>\n<td><b>SPARKLING WINES<\/b><\/td>\n\n\n<\/tr>\n<tr>\n<td>Virus 7 &#8220;Sosoli\u010d&#8221; dry, methode &#8220;champagne&#8221;, Gori\u0161ka Brda (Gold metal\u00a0 in Radgona 2017)<\/td>\n<td>0,10 l<\/td>\n<td>3,70 \u20ac<\/td>\n<\/tr>\n<tr>\n<td>Srebrna Radgonska penina, semi-dry, methode &#8220;charmat&#8221;<\/td>\n<td>0,20 l<\/td>\n<td>7,50 \u20ac<\/td>\n<\/tr>\n<\/tbody>\n<\/table>\n\t\t\t\t<img loading=\"lazy\" src=\"https:\/\/dubocica.si\/wp-content\/uploads\/2019\/11\/911318fe-6a0b-41d6-95f2-28837b013054.jpg\" alt=\"911318fe-6a0b-41d6-95f2-28837b013054\" itemprop=\"image\" height=\"330\" width=\"440\" title=\"911318fe-6a0b-41d6-95f2-28837b013054\" onerror=\"this.style.display='none'\"  \/>\n\t\t\t\t<img loading=\"lazy\" src=\"https:\/\/dubocica.si\/wp-content\/uploads\/2019\/11\/06e063c3-8081-443e-8f38-0c6234e6894c.jpg\" alt=\"06e063c3-8081-443e-8f38-0c6234e6894c\" itemprop=\"image\" height=\"415\" width=\"1024\" title=\"06e063c3-8081-443e-8f38-0c6234e6894c\" onerror=\"this.style.display='none'\"  \/>\n\t\t\t\t<img loading=\"lazy\" src=\"https:\/\/dubocica.si\/wp-content\/uploads\/2019\/11\/5f1d44db-295f-4a23-bbc3-cc7a0cb0796c.jpg\" alt=\"5f1d44db-295f-4a23-bbc3-cc7a0cb0796c\" itemprop=\"image\" height=\"667\" width=\"1000\" title=\"5f1d44db-295f-4a23-bbc3-cc7a0cb0796c\" onerror=\"this.style.display='none'\"  \/>\n\t\t<h2>Povpra\u0161evanje<\/h2>\n\t\t<p>Po\u0161ljite nam sporo\u010dilo in z veseljem Vam bomo odgovorili v najkraj\u0161em mo\u017enem \u010dasu!<\/p>\n\t\t\t<a href=\"https:\/\/dubocica.si\/kontakt\/\" target=\"_self\" role=\"button\" rel=\"noopener\">\n\t\t\t\t\t\t\tKONTAKT\n\t\t\t\t\t<\/a>\n\n","protected":false},"excerpt":{"rendered":"<p>Wine list We are aware that wine is also an extremely important part of the culinary offer, so we paid special attention to the preparation of the wine list. We offer a large selection of wines on glass and selected bottled wines. You will find more than 20 selected wines per glass on our wine&hellip;<\/p>\n","protected":false},"author":1,"featured_media":0,"parent":0,"menu_order":0,"comment_status":"closed","ping_status":"closed","template":"","meta":[],"yoast_head":"<!-- This site is optimized with the Yoast SEO plugin v19.7.2 - https:\/\/yoast.com\/wordpress\/plugins\/seo\/ -->\n<title>Wine list - Gostilna Dubo\u010dica<\/title>\n<meta name=\"robots\" content=\"index, follow, max-snippet:-1, max-image-preview:large, max-video-preview:-1\" \/>\n<link rel=\"canonical\" href=\"https:\/\/dubocica.si\/en\/wine-list\/\" \/>\n<meta property=\"og:locale\" content=\"en_US\" \/>\n<meta property=\"og:type\" content=\"article\" \/>\n<meta property=\"og:title\" content=\"Wine list - Gostilna Dubo\u010dica\" \/>\n<meta property=\"og:description\" content=\"Wine list We are aware that wine is also an extremely important part of the culinary offer, so we paid special attention to the preparation of the wine list. We offer a large selection of wines on glass and selected bottled wines. You will find more than 20 selected wines per glass on our wine&hellip;\" \/>\n<meta property=\"og:url\" content=\"https:\/\/dubocica.si\/en\/wine-list\/\" \/>\n<meta property=\"og:site_name\" content=\"Gostilna Dubo\u010dica\" \/>\n<meta property=\"article:modified_time\" content=\"2025-11-02T20:23:30+00:00\" \/>\n<meta property=\"og:image\" content=\"https:\/\/dubocica.si\/wp-content\/uploads\/2019\/11\/911318fe-6a0b-41d6-95f2-28837b013054.jpg\" \/>\n<meta name=\"twitter:card\" content=\"summary_large_image\" \/>\n<meta name=\"twitter:label1\" content=\"Est. reading time\" \/>\n\t<meta name=\"twitter:data1\" content=\"1 minute\" \/>\n<script type=\"application\/ld+json\" class=\"yoast-schema-graph\">{\"@context\":\"https:\/\/schema.org\",\"@graph\":[{\"@type\":\"WebPage\",\"@id\":\"https:\/\/dubocica.si\/en\/wine-list\/\",\"url\":\"https:\/\/dubocica.si\/en\/wine-list\/\",\"name\":\"Wine list - Gostilna Dubo\u010dica\",\"isPartOf\":{\"@id\":\"https:\/\/dubocica.si\/#website\"},\"datePublished\":\"2020-01-08T10:35:21+00:00\",\"dateModified\":\"2025-11-02T20:23:30+00:00\",\"breadcrumb\":{\"@id\":\"https:\/\/dubocica.si\/en\/wine-list\/#breadcrumb\"},\"inLanguage\":\"en-US\",\"potentialAction\":[{\"@type\":\"ReadAction\",\"target\":[\"https:\/\/dubocica.si\/en\/wine-list\/\"]}]},{\"@type\":\"BreadcrumbList\",\"@id\":\"https:\/\/dubocica.si\/en\/wine-list\/#breadcrumb\",\"itemListElement\":[{\"@type\":\"ListItem\",\"position\":1,\"name\":\"Home\",\"item\":\"https:\/\/dubocica.si\/en\/\"},{\"@type\":\"ListItem\",\"position\":2,\"name\":\"Wine list\"}]},{\"@type\":\"WebSite\",\"@id\":\"https:\/\/dubocica.si\/#website\",\"url\":\"https:\/\/dubocica.si\/\",\"name\":\"Gostilna Dubo\u010dica\",\"description\":\"V gostilni Dubo\u010dica v Ljubljani boste lahko odkrivali okuse izbrane srbske kuhinje in u\u017eivali v specialitetah iz \u017eara.\",\"potentialAction\":[{\"@type\":\"SearchAction\",\"target\":{\"@type\":\"EntryPoint\",\"urlTemplate\":\"https:\/\/dubocica.si\/?s={search_term_string}\"},\"query-input\":\"required name=search_term_string\"}],\"inLanguage\":\"en-US\"}]}<\/script>\n<!-- \/ Yoast SEO plugin. -->","yoast_head_json":{"title":"Wine list - Gostilna Dubo\u010dica","robots":{"index":"index","follow":"follow","max-snippet":"max-snippet:-1","max-image-preview":"max-image-preview:large","max-video-preview":"max-video-preview:-1"},"canonical":"https:\/\/dubocica.si\/en\/wine-list\/","og_locale":"en_US","og_type":"article","og_title":"Wine list - Gostilna Dubo\u010dica","og_description":"Wine list We are aware that wine is also an extremely important part of the culinary offer, so we paid special attention to the preparation of the wine list. We offer a large selection of wines on glass and selected bottled wines. You will find more than 20 selected wines per glass on our wine&hellip;","og_url":"https:\/\/dubocica.si\/en\/wine-list\/","og_site_name":"Gostilna Dubo\u010dica","article_modified_time":"2025-11-02T20:23:30+00:00","og_image":[{"url":"https:\/\/dubocica.si\/wp-content\/uploads\/2019\/11\/911318fe-6a0b-41d6-95f2-28837b013054.jpg"}],"twitter_card":"summary_large_image","twitter_misc":{"Est. reading time":"1 minute"},"schema":{"@context":"https:\/\/schema.org","@graph":[{"@type":"WebPage","@id":"https:\/\/dubocica.si\/en\/wine-list\/","url":"https:\/\/dubocica.si\/en\/wine-list\/","name":"Wine list - Gostilna Dubo\u010dica","isPartOf":{"@id":"https:\/\/dubocica.si\/#website"},"datePublished":"2020-01-08T10:35:21+00:00","dateModified":"2025-11-02T20:23:30+00:00","breadcrumb":{"@id":"https:\/\/dubocica.si\/en\/wine-list\/#breadcrumb"},"inLanguage":"en-US","potentialAction":[{"@type":"ReadAction","target":["https:\/\/dubocica.si\/en\/wine-list\/"]}]},{"@type":"BreadcrumbList","@id":"https:\/\/dubocica.si\/en\/wine-list\/#breadcrumb","itemListElement":[{"@type":"ListItem","position":1,"name":"Home","item":"https:\/\/dubocica.si\/en\/"},{"@type":"ListItem","position":2,"name":"Wine list"}]},{"@type":"WebSite","@id":"https:\/\/dubocica.si\/#website","url":"https:\/\/dubocica.si\/","name":"Gostilna Dubo\u010dica","description":"V gostilni Dubo\u010dica v Ljubljani boste lahko odkrivali okuse izbrane srbske kuhinje in u\u017eivali v specialitetah iz \u017eara.","potentialAction":[{"@type":"SearchAction","target":{"@type":"EntryPoint","urlTemplate":"https:\/\/dubocica.si\/?s={search_term_string}"},"query-input":"required name=search_term_string"}],"inLanguage":"en-US"}]}},"_links":{"self":[{"href":"https:\/\/dubocica.si\/en\/wp-json\/wp\/v2\/pages\/207"}],"collection":[{"href":"https:\/\/dubocica.si\/en\/wp-json\/wp\/v2\/pages"}],"about":[{"href":"https:\/\/dubocica.si\/en\/wp-json\/wp\/v2\/types\/page"}],"author":[{"embeddable":true,"href":"https:\/\/dubocica.si\/en\/wp-json\/wp\/v2\/users\/1"}],"replies":[{"embeddable":true,"href":"https:\/\/dubocica.si\/en\/wp-json\/wp\/v2\/comments?post=207"}],"version-history":[{"count":2,"href":"https:\/\/dubocica.si\/en\/wp-json\/wp\/v2\/pages\/207\/revisions"}],"predecessor-version":[{"id":538,"href":"https:\/\/dubocica.si\/en\/wp-json\/wp\/v2\/pages\/207\/revisions\/538"}],"wp:attachment":[{"href":"https:\/\/dubocica.si\/en\/wp-json\/wp\/v2\/media?parent=207"}],"curies":[{"name":"wp","href":"https:\/\/api.w.org\/{rel}","templated":true}]}}