{"id":210,"date":"2020-01-08T11:39:04","date_gmt":"2020-01-08T10:39:04","guid":{"rendered":"https:\/\/dubocica.si\/lunches\/"},"modified":"2020-01-14T18:47:51","modified_gmt":"2020-01-14T17:47:51","slug":"lunches","status":"publish","type":"page","link":"https:\/\/dubocica.si\/en\/lunches\/","title":{"rendered":"Lunches"},"content":{"rendered":"","protected":false},"excerpt":{"rendered":"","protected":false},"author":1,"featured_media":0,"parent":0,"menu_order":0,"comment_status":"closed","ping_status":"closed","template":"","meta":[],"yoast_head":"<!-- This site is optimized with the Yoast SEO plugin v19.7.2 - https:\/\/yoast.com\/wordpress\/plugins\/seo\/ -->\n<title>Lunches - Gostilna Dubo\u010dica<\/title>\n<meta name=\"robots\" content=\"index, follow, max-snippet:-1, max-image-preview:large, max-video-preview:-1\" \/>\n<link rel=\"canonical\" href=\"https:\/\/dubocica.si\/en\/lunches\/\" \/>\n<meta property=\"og:locale\" content=\"en_US\" \/>\n<meta property=\"og:type\" content=\"article\" \/>\n<meta property=\"og:title\" content=\"Lunches - Gostilna Dubo\u010dica\" \/>\n<meta property=\"og:url\" content=\"https:\/\/dubocica.si\/en\/lunches\/\" \/>\n<meta property=\"og:site_name\" content=\"Gostilna Dubo\u010dica\" \/>\n<meta property=\"article:modified_time\" content=\"2020-01-14T17:47:51+00:00\" \/>\n<meta name=\"twitter:card\" content=\"summary_large_image\" \/>\n<script type=\"application\/ld+json\" class=\"yoast-schema-graph\">{\"@context\":\"https:\/\/schema.org\",\"@graph\":[{\"@type\":\"WebPage\",\"@id\":\"https:\/\/dubocica.si\/en\/lunches\/\",\"url\":\"https:\/\/dubocica.si\/en\/lunches\/\",\"name\":\"Lunches - Gostilna Dubo\u010dica\",\"isPartOf\":{\"@id\":\"https:\/\/dubocica.si\/#website\"},\"datePublished\":\"2020-01-08T10:39:04+00:00\",\"dateModified\":\"2020-01-14T17:47:51+00:00\",\"breadcrumb\":{\"@id\":\"https:\/\/dubocica.si\/en\/lunches\/#breadcrumb\"},\"inLanguage\":\"en-US\",\"potentialAction\":[{\"@type\":\"ReadAction\",\"target\":[\"https:\/\/dubocica.si\/en\/lunches\/\"]}]},{\"@type\":\"BreadcrumbList\",\"@id\":\"https:\/\/dubocica.si\/en\/lunches\/#breadcrumb\",\"itemListElement\":[{\"@type\":\"ListItem\",\"position\":1,\"name\":\"Home\",\"item\":\"https:\/\/dubocica.si\/en\/\"},{\"@type\":\"ListItem\",\"position\":2,\"name\":\"Lunches\"}]},{\"@type\":\"WebSite\",\"@id\":\"https:\/\/dubocica.si\/#website\",\"url\":\"https:\/\/dubocica.si\/\",\"name\":\"Gostilna Dubo\u010dica\",\"description\":\"V gostilni Dubo\u010dica v Ljubljani boste lahko odkrivali okuse izbrane srbske kuhinje in u\u017eivali v specialitetah iz \u017eara.\",\"potentialAction\":[{\"@type\":\"SearchAction\",\"target\":{\"@type\":\"EntryPoint\",\"urlTemplate\":\"https:\/\/dubocica.si\/?s={search_term_string}\"},\"query-input\":\"required name=search_term_string\"}],\"inLanguage\":\"en-US\"}]}<\/script>\n<!-- \/ Yoast SEO plugin. -->","yoast_head_json":{"title":"Lunches - Gostilna Dubo\u010dica","robots":{"index":"index","follow":"follow","max-snippet":"max-snippet:-1","max-image-preview":"max-image-preview:large","max-video-preview":"max-video-preview:-1"},"canonical":"https:\/\/dubocica.si\/en\/lunches\/","og_locale":"en_US","og_type":"article","og_title":"Lunches - Gostilna Dubo\u010dica","og_url":"https:\/\/dubocica.si\/en\/lunches\/","og_site_name":"Gostilna Dubo\u010dica","article_modified_time":"2020-01-14T17:47:51+00:00","twitter_card":"summary_large_image","schema":{"@context":"https:\/\/schema.org","@graph":[{"@type":"WebPage","@id":"https:\/\/dubocica.si\/en\/lunches\/","url":"https:\/\/dubocica.si\/en\/lunches\/","name":"Lunches - Gostilna Dubo\u010dica","isPartOf":{"@id":"https:\/\/dubocica.si\/#website"},"datePublished":"2020-01-08T10:39:04+00:00","dateModified":"2020-01-14T17:47:51+00:00","breadcrumb":{"@id":"https:\/\/dubocica.si\/en\/lunches\/#breadcrumb"},"inLanguage":"en-US","potentialAction":[{"@type":"ReadAction","target":["https:\/\/dubocica.si\/en\/lunches\/"]}]},{"@type":"BreadcrumbList","@id":"https:\/\/dubocica.si\/en\/lunches\/#breadcrumb","itemListElement":[{"@type":"ListItem","position":1,"name":"Home","item":"https:\/\/dubocica.si\/en\/"},{"@type":"ListItem","position":2,"name":"Lunches"}]},{"@type":"WebSite","@id":"https:\/\/dubocica.si\/#website","url":"https:\/\/dubocica.si\/","name":"Gostilna Dubo\u010dica","description":"V gostilni Dubo\u010dica v Ljubljani boste lahko odkrivali okuse izbrane srbske kuhinje in u\u017eivali v specialitetah iz \u017eara.","potentialAction":[{"@type":"SearchAction","target":{"@type":"EntryPoint","urlTemplate":"https:\/\/dubocica.si\/?s={search_term_string}"},"query-input":"required name=search_term_string"}],"inLanguage":"en-US"}]}},"_links":{"self":[{"href":"https:\/\/dubocica.si\/en\/wp-json\/wp\/v2\/pages\/210"}],"collection":[{"href":"https:\/\/dubocica.si\/en\/wp-json\/wp\/v2\/pages"}],"about":[{"href":"https:\/\/dubocica.si\/en\/wp-json\/wp\/v2\/types\/page"}],"author":[{"embeddable":true,"href":"https:\/\/dubocica.si\/en\/wp-json\/wp\/v2\/users\/1"}],"replies":[{"embeddable":true,"href":"https:\/\/dubocica.si\/en\/wp-json\/wp\/v2\/comments?post=210"}],"version-history":[{"count":1,"href":"https:\/\/dubocica.si\/en\/wp-json\/wp\/v2\/pages\/210\/revisions"}],"predecessor-version":[{"id":213,"href":"https:\/\/dubocica.si\/en\/wp-json\/wp\/v2\/pages\/210\/revisions\/213"}],"wp:attachment":[{"href":"https:\/\/dubocica.si\/en\/wp-json\/wp\/v2\/media?parent=210"}],"curies":[{"name":"wp","href":"https:\/\/api.w.org\/{rel}","templated":true}]}}