{"id":211,"date":"2020-01-08T11:43:35","date_gmt":"2020-01-08T10:43:35","guid":{"rendered":"https:\/\/dubocica.si\/for-groups\/"},"modified":"2025-11-02T21:19:05","modified_gmt":"2025-11-02T20:19:05","slug":"for-groups","status":"publish","type":"page","link":"https:\/\/dubocica.si\/en\/for-groups\/","title":{"rendered":"For groups"},"content":{"rendered":"\n<h1>\n\t\tFor groups\n\t<\/h1>\n\t<h3><strong>OPPORTUNITY MENUS ARE SERVED IN LUCNH TIME FROM 12PM TO 4PM.<\/strong><\/h3>\n<h3><strong>OPPORTUNITY MENU (served on plates)<\/strong><\/h3>\n<p><strong>OPPORTUNITY MENUS ARE REQUIRED FOR RENTAL.<\/strong><\/p>\n<p>&nbsp;<\/p>\n<p><strong>OPPORTUNITY MENU 1&#8230; 28\u20ac \/ pers<\/strong><\/p>\n<p><strong>Appetizer<\/strong>: Plate with prosciutto, kajmak and fried peppers<\/p>\n<p><strong>Main dish<\/strong>: Served on plates: Sandwiches, hangers, Leskovac &#8220;donuts&#8221; chicken thighs, baked potatoes, read<\/p>\n<p><strong>Salad<\/strong>: roasted peppers, soup and cabbage<\/p>\n<p>&nbsp;<\/p>\n<p><strong>OPPORTUNITY MENU 2&#8230; 29,00 \u20ac \/ p<\/strong><\/p>\n<p><strong>Soup:<\/strong> Served in soups; Beef noodle soup and mushroom soup with noodles<\/p>\n<p><strong>Main dish<\/strong>: Served on plates Pancakes, roasted pork curry in a natural sauce, turkey fillet Viennese, roasted potatoes, garden vegetables<\/p>\n<p><strong>Salad<\/strong>: mixed leaf lettuce, cabbage, tomatoes, beans<\/p>\n<p>&nbsp;<\/p>\n<p><strong>OPPORTUNITY MENU 3&#8230; 30,00 \u20ac \/ p<\/strong><\/p>\n<p><strong>Appetizer<\/strong>: Plate with salty spinach gibanica, homemade beef salad and &#8220;urnebes&#8221; spread<\/p>\n<p><strong>Main dish<\/strong>: Served on Tedletine baking trays, burgers, Viennese turkey fillet, baked potatoes, garden vegetables<\/p>\n<p><strong>Salad<\/strong>: mixed leaf lettuce, cabbage, tomatoes, beans<\/p>\n\t\t\t\t<a\n\t\t\thref=\"https:\/\/dubocica.si\/wp-content\/uploads\/2019\/11\/6c565dda-4769-441d-bfc5-6f970ea1ad0a.jpg\"\n\t\t\t\t\t\tdata-fancybox=\"images\" \n\t\t\ttitle=\"6c565dda-4769-441d-bfc5-6f970ea1ad0a\" \n\t\t\t\t\t\tdata-caption=\"\"\n\t\t\t\t\t\tdata-description=\"\" \n\t\t\titemprop=\"contentUrl\">\n\t\t\t<img loading=\"lazy\" src=\"https:\/\/dubocica.si\/wp-content\/uploads\/2019\/11\/6c565dda-4769-441d-bfc5-6f970ea1ad0a.jpg\" alt=\"\" data-no-lazy=\"1\" itemprop=\"thumbnail\" width=\"298\" height=\"168\" \/>\n\t\t\t<!-- Overlay Wrapper -->\n\t\t\t <!-- Overlay Wrapper Closed -->\n\t\t\t\t<\/a>\n\t\t\t\t\t\t\t<meta itemprop=\"width\" content=\"298\" \/>\n\t\t\t<meta itemprop=\"height\" content=\"168\" \/>\n\t\t\t\t<a\n\t\t\thref=\"https:\/\/dubocica.si\/wp-content\/uploads\/2019\/11\/1db42bec-cd40-4a60-ab84-5cb611a1e36e.jpg\"\n\t\t\t\t\t\tdata-fancybox=\"images\" \n\t\t\ttitle=\"1db42bec-cd40-4a60-ab84-5cb611a1e36e\" \n\t\t\t\t\t\tdata-caption=\"\"\n\t\t\t\t\t\tdata-description=\"\" \n\t\t\titemprop=\"contentUrl\">\n\t\t\t<img loading=\"lazy\" src=\"https:\/\/dubocica.si\/wp-content\/uploads\/2019\/11\/1db42bec-cd40-4a60-ab84-5cb611a1e36e.jpg\" alt=\"\" data-no-lazy=\"1\" itemprop=\"thumbnail\" width=\"395\" height=\"127\" \/>\n\t\t\t<!-- Overlay Wrapper -->\n\t\t\t <!-- Overlay Wrapper Closed -->\n\t\t\t\t<\/a>\n\t\t\t\t\t\t\t<meta itemprop=\"width\" content=\"395\" \/>\n\t\t\t<meta itemprop=\"height\" content=\"127\" \/>\n\t\t\t\t<a\n\t\t\thref=\"https:\/\/dubocica.si\/wp-content\/uploads\/2019\/11\/0a6347f6-576d-4c54-ae06-690c4f9bdf77.jpg\"\n\t\t\t\t\t\tdata-fancybox=\"images\" \n\t\t\ttitle=\"0a6347f6-576d-4c54-ae06-690c4f9bdf77\" \n\t\t\t\t\t\tdata-caption=\"\"\n\t\t\t\t\t\tdata-description=\"\" \n\t\t\titemprop=\"contentUrl\">\n\t\t\t<img loading=\"lazy\" src=\"https:\/\/dubocica.si\/wp-content\/uploads\/2019\/11\/0a6347f6-576d-4c54-ae06-690c4f9bdf77.jpg\" alt=\"\" data-no-lazy=\"1\" itemprop=\"thumbnail\" width=\"273\" height=\"184\" \/>\n\t\t\t<!-- Overlay Wrapper -->\n\t\t\t <!-- Overlay Wrapper Closed -->\n\t\t\t\t<\/a>\n\t\t\t\t\t\t\t<meta itemprop=\"width\" content=\"273\" \/>\n\t\t\t<meta itemprop=\"height\" content=\"184\" \/>\n\t\t\t\t<a\n\t\t\thref=\"https:\/\/dubocica.si\/wp-content\/uploads\/2019\/11\/ec3cba11-b78d-4561-b8e5-c5b55492f53d-1024x768.jpg\"\n\t\t\t\t\t\tdata-fancybox=\"images\" \n\t\t\ttitle=\"ec3cba11-b78d-4561-b8e5-c5b55492f53d\" \n\t\t\t\t\t\tdata-caption=\"\"\n\t\t\t\t\t\tdata-description=\"\" \n\t\t\titemprop=\"contentUrl\">\n\t\t\t<img loading=\"lazy\" src=\"https:\/\/dubocica.si\/wp-content\/uploads\/2019\/11\/ec3cba11-b78d-4561-b8e5-c5b55492f53d-1024x768.jpg\" alt=\"\" data-no-lazy=\"1\" itemprop=\"thumbnail\" width=\"1024\" height=\"768\" \/>\n\t\t\t<!-- Overlay Wrapper -->\n\t\t\t <!-- Overlay Wrapper Closed -->\n\t\t\t\t<\/a>\n\t\t\t\t\t\t\t<meta itemprop=\"width\" content=\"1024\" \/>\n\t\t\t<meta itemprop=\"height\" content=\"768\" \/>\n\t\t\t\t<a\n\t\t\thref=\"https:\/\/dubocica.si\/wp-content\/uploads\/2019\/11\/afbc7ad3-1814-4b1a-bd7d-d7057cecb254-1024x768.jpg\"\n\t\t\t\t\t\tdata-fancybox=\"images\" \n\t\t\ttitle=\"afbc7ad3-1814-4b1a-bd7d-d7057cecb254\" \n\t\t\t\t\t\tdata-caption=\"\"\n\t\t\t\t\t\tdata-description=\"\" \n\t\t\titemprop=\"contentUrl\">\n\t\t\t<img loading=\"lazy\" src=\"https:\/\/dubocica.si\/wp-content\/uploads\/2019\/11\/afbc7ad3-1814-4b1a-bd7d-d7057cecb254-1024x768.jpg\" alt=\"\" data-no-lazy=\"1\" itemprop=\"thumbnail\" width=\"1024\" height=\"768\" \/>\n\t\t\t<!-- Overlay Wrapper -->\n\t\t\t <!-- Overlay Wrapper Closed -->\n\t\t\t\t<\/a>\n\t\t\t\t\t\t\t<meta itemprop=\"width\" content=\"1024\" \/>\n\t\t\t<meta itemprop=\"height\" content=\"768\" \/>\n\t\t\t\t<a\n\t\t\thref=\"https:\/\/dubocica.si\/wp-content\/uploads\/2019\/11\/323a12ba-0d5f-4f6b-9407-ed3d9e981e71.jpg\"\n\t\t\t\t\t\tdata-fancybox=\"images\" \n\t\t\ttitle=\"323a12ba-0d5f-4f6b-9407-ed3d9e981e71\" \n\t\t\t\t\t\tdata-caption=\"\"\n\t\t\t\t\t\tdata-description=\"\" \n\t\t\titemprop=\"contentUrl\">\n\t\t\t<img loading=\"lazy\" src=\"https:\/\/dubocica.si\/wp-content\/uploads\/2019\/11\/323a12ba-0d5f-4f6b-9407-ed3d9e981e71.jpg\" alt=\"\" data-no-lazy=\"1\" itemprop=\"thumbnail\" width=\"309\" height=\"163\" \/>\n\t\t\t<!-- Overlay Wrapper -->\n\t\t\t <!-- Overlay Wrapper Closed -->\n\t\t\t\t<\/a>\n\t\t\t\t\t\t\t<meta itemprop=\"width\" content=\"309\" \/>\n\t\t\t<meta itemprop=\"height\" content=\"163\" \/>\n\t\t<h2>Povpra\u0161evanje<\/h2>\n\t\t<p>Po\u0161ljite nam sporo\u010dilo in z veseljem Vam bomo odgovorili v najkraj\u0161em mo\u017enem \u010dasu!<\/p>\n\t\t\t<a href=\"https:\/\/dubocica.si\/kontakt\/\" target=\"_self\" role=\"button\" rel=\"noopener\">\n\t\t\t\t\t\t\tKONTAKT\n\t\t\t\t\t<\/a>\n\n","protected":false},"excerpt":{"rendered":"<p>For groups OPPORTUNITY MENUS ARE SERVED IN LUCNH TIME FROM 12PM TO 4PM. OPPORTUNITY MENU (served on plates) OPPORTUNITY MENUS ARE REQUIRED FOR RENTAL. &nbsp; OPPORTUNITY MENU 1&#8230; 28\u20ac \/ pers Appetizer: Plate with prosciutto, kajmak and fried peppers Main dish: Served on plates: Sandwiches, hangers, Leskovac &#8220;donuts&#8221; chicken thighs, baked potatoes, read Salad: roasted&hellip;<\/p>\n","protected":false},"author":1,"featured_media":0,"parent":0,"menu_order":0,"comment_status":"closed","ping_status":"closed","template":"","meta":[],"yoast_head":"<!-- This site is optimized with the Yoast SEO plugin v19.7.2 - https:\/\/yoast.com\/wordpress\/plugins\/seo\/ -->\n<title>For groups - Gostilna Dubo\u010dica<\/title>\n<meta name=\"robots\" content=\"index, follow, max-snippet:-1, max-image-preview:large, max-video-preview:-1\" \/>\n<link rel=\"canonical\" href=\"https:\/\/dubocica.si\/en\/for-groups\/\" \/>\n<meta property=\"og:locale\" content=\"en_US\" \/>\n<meta property=\"og:type\" content=\"article\" \/>\n<meta property=\"og:title\" content=\"For groups - Gostilna Dubo\u010dica\" \/>\n<meta property=\"og:description\" content=\"For groups OPPORTUNITY MENUS ARE SERVED IN LUCNH TIME FROM 12PM TO 4PM. OPPORTUNITY MENU (served on plates) OPPORTUNITY MENUS ARE REQUIRED FOR RENTAL. &nbsp; OPPORTUNITY MENU 1&#8230; 28\u20ac \/ pers Appetizer: Plate with prosciutto, kajmak and fried peppers Main dish: Served on plates: Sandwiches, hangers, Leskovac &#8220;donuts&#8221; chicken thighs, baked potatoes, read Salad: roasted&hellip;\" \/>\n<meta property=\"og:url\" content=\"https:\/\/dubocica.si\/en\/for-groups\/\" \/>\n<meta property=\"og:site_name\" content=\"Gostilna Dubo\u010dica\" \/>\n<meta property=\"article:modified_time\" content=\"2025-11-02T20:19:05+00:00\" \/>\n<meta property=\"og:image\" content=\"https:\/\/dubocica.si\/wp-content\/uploads\/2019\/11\/6c565dda-4769-441d-bfc5-6f970ea1ad0a.jpg\" \/>\n<meta name=\"twitter:card\" content=\"summary_large_image\" \/>\n<meta name=\"twitter:label1\" content=\"Est. reading time\" \/>\n\t<meta name=\"twitter:data1\" content=\"1 minute\" \/>\n<script type=\"application\/ld+json\" class=\"yoast-schema-graph\">{\"@context\":\"https:\/\/schema.org\",\"@graph\":[{\"@type\":\"WebPage\",\"@id\":\"https:\/\/dubocica.si\/en\/for-groups\/\",\"url\":\"https:\/\/dubocica.si\/en\/for-groups\/\",\"name\":\"For groups - Gostilna Dubo\u010dica\",\"isPartOf\":{\"@id\":\"https:\/\/dubocica.si\/#website\"},\"datePublished\":\"2020-01-08T10:43:35+00:00\",\"dateModified\":\"2025-11-02T20:19:05+00:00\",\"breadcrumb\":{\"@id\":\"https:\/\/dubocica.si\/en\/for-groups\/#breadcrumb\"},\"inLanguage\":\"en-US\",\"potentialAction\":[{\"@type\":\"ReadAction\",\"target\":[\"https:\/\/dubocica.si\/en\/for-groups\/\"]}]},{\"@type\":\"BreadcrumbList\",\"@id\":\"https:\/\/dubocica.si\/en\/for-groups\/#breadcrumb\",\"itemListElement\":[{\"@type\":\"ListItem\",\"position\":1,\"name\":\"Home\",\"item\":\"https:\/\/dubocica.si\/en\/\"},{\"@type\":\"ListItem\",\"position\":2,\"name\":\"For groups\"}]},{\"@type\":\"WebSite\",\"@id\":\"https:\/\/dubocica.si\/#website\",\"url\":\"https:\/\/dubocica.si\/\",\"name\":\"Gostilna Dubo\u010dica\",\"description\":\"V gostilni Dubo\u010dica v Ljubljani boste lahko odkrivali okuse izbrane srbske kuhinje in u\u017eivali v specialitetah iz \u017eara.\",\"potentialAction\":[{\"@type\":\"SearchAction\",\"target\":{\"@type\":\"EntryPoint\",\"urlTemplate\":\"https:\/\/dubocica.si\/?s={search_term_string}\"},\"query-input\":\"required name=search_term_string\"}],\"inLanguage\":\"en-US\"}]}<\/script>\n<!-- \/ Yoast SEO plugin. -->","yoast_head_json":{"title":"For groups - Gostilna Dubo\u010dica","robots":{"index":"index","follow":"follow","max-snippet":"max-snippet:-1","max-image-preview":"max-image-preview:large","max-video-preview":"max-video-preview:-1"},"canonical":"https:\/\/dubocica.si\/en\/for-groups\/","og_locale":"en_US","og_type":"article","og_title":"For groups - Gostilna Dubo\u010dica","og_description":"For groups OPPORTUNITY MENUS ARE SERVED IN LUCNH TIME FROM 12PM TO 4PM. OPPORTUNITY MENU (served on plates) OPPORTUNITY MENUS ARE REQUIRED FOR RENTAL. &nbsp; OPPORTUNITY MENU 1&#8230; 28\u20ac \/ pers Appetizer: Plate with prosciutto, kajmak and fried peppers Main dish: Served on plates: Sandwiches, hangers, Leskovac &#8220;donuts&#8221; chicken thighs, baked potatoes, read Salad: roasted&hellip;","og_url":"https:\/\/dubocica.si\/en\/for-groups\/","og_site_name":"Gostilna Dubo\u010dica","article_modified_time":"2025-11-02T20:19:05+00:00","og_image":[{"url":"https:\/\/dubocica.si\/wp-content\/uploads\/2019\/11\/6c565dda-4769-441d-bfc5-6f970ea1ad0a.jpg"}],"twitter_card":"summary_large_image","twitter_misc":{"Est. reading time":"1 minute"},"schema":{"@context":"https:\/\/schema.org","@graph":[{"@type":"WebPage","@id":"https:\/\/dubocica.si\/en\/for-groups\/","url":"https:\/\/dubocica.si\/en\/for-groups\/","name":"For groups - Gostilna Dubo\u010dica","isPartOf":{"@id":"https:\/\/dubocica.si\/#website"},"datePublished":"2020-01-08T10:43:35+00:00","dateModified":"2025-11-02T20:19:05+00:00","breadcrumb":{"@id":"https:\/\/dubocica.si\/en\/for-groups\/#breadcrumb"},"inLanguage":"en-US","potentialAction":[{"@type":"ReadAction","target":["https:\/\/dubocica.si\/en\/for-groups\/"]}]},{"@type":"BreadcrumbList","@id":"https:\/\/dubocica.si\/en\/for-groups\/#breadcrumb","itemListElement":[{"@type":"ListItem","position":1,"name":"Home","item":"https:\/\/dubocica.si\/en\/"},{"@type":"ListItem","position":2,"name":"For groups"}]},{"@type":"WebSite","@id":"https:\/\/dubocica.si\/#website","url":"https:\/\/dubocica.si\/","name":"Gostilna Dubo\u010dica","description":"V gostilni Dubo\u010dica v Ljubljani boste lahko odkrivali okuse izbrane srbske kuhinje in u\u017eivali v specialitetah iz \u017eara.","potentialAction":[{"@type":"SearchAction","target":{"@type":"EntryPoint","urlTemplate":"https:\/\/dubocica.si\/?s={search_term_string}"},"query-input":"required name=search_term_string"}],"inLanguage":"en-US"}]}},"_links":{"self":[{"href":"https:\/\/dubocica.si\/en\/wp-json\/wp\/v2\/pages\/211"}],"collection":[{"href":"https:\/\/dubocica.si\/en\/wp-json\/wp\/v2\/pages"}],"about":[{"href":"https:\/\/dubocica.si\/en\/wp-json\/wp\/v2\/types\/page"}],"author":[{"embeddable":true,"href":"https:\/\/dubocica.si\/en\/wp-json\/wp\/v2\/users\/1"}],"replies":[{"embeddable":true,"href":"https:\/\/dubocica.si\/en\/wp-json\/wp\/v2\/comments?post=211"}],"version-history":[{"count":3,"href":"https:\/\/dubocica.si\/en\/wp-json\/wp\/v2\/pages\/211\/revisions"}],"predecessor-version":[{"id":537,"href":"https:\/\/dubocica.si\/en\/wp-json\/wp\/v2\/pages\/211\/revisions\/537"}],"wp:attachment":[{"href":"https:\/\/dubocica.si\/en\/wp-json\/wp\/v2\/media?parent=211"}],"curies":[{"name":"wp","href":"https:\/\/api.w.org\/{rel}","templated":true}]}}